{"id":5939,"date":"2022-08-31T15:55:08","date_gmt":"2022-08-31T13:55:08","guid":{"rendered":"https:\/\/toohotel.com\/offers\/"},"modified":"2024-09-05T10:44:47","modified_gmt":"2024-09-05T08:44:47","slug":"offers","status":"publish","type":"page","link":"https:\/\/preprod.toohotel.com\/pt-pt\/offers\/","title":{"rendered":"Experi\u00eancias"},"content":{"rendered":"","protected":false},"excerpt":{"rendered":"<p>Viva a experi\u00eancia do TOO Hotel em pleno c\u00e9u de Paris atrav\u00e9s de ofertas exclusivas para estadias perfeitas para namorados, sozinho, com amigos ou com a fam\u00edlia.<\/p>\n","protected":false},"author":9,"featured_media":0,"parent":0,"menu_order":140,"comment_status":"closed","ping_status":"closed","template":"templates\/cms.php","meta":[],"acf":[],"_links":{"self":[{"href":"https:\/\/preprod.toohotel.com\/pt-pt\/wp-json\/wp\/v2\/pages\/5939"}],"collection":[{"href":"https:\/\/preprod.toohotel.com\/pt-pt\/wp-json\/wp\/v2\/pages"}],"about":[{"href":"https:\/\/preprod.toohotel.com\/pt-pt\/wp-json\/wp\/v2\/types\/page"}],"author":[{"embeddable":true,"href":"https:\/\/preprod.toohotel.com\/pt-pt\/wp-json\/wp\/v2\/users\/9"}],"replies":[{"embeddable":true,"href":"https:\/\/preprod.toohotel.com\/pt-pt\/wp-json\/wp\/v2\/comments?post=5939"}],"version-history":[{"count":0,"href":"https:\/\/preprod.toohotel.com\/pt-pt\/wp-json\/wp\/v2\/pages\/5939\/revisions"}],"wp:attachment":[{"href":"https:\/\/preprod.toohotel.com\/pt-pt\/wp-json\/wp\/v2\/media?parent=5939"}],"curies":[{"name":"wp","href":"https:\/\/api.w.org\/{rel}","templated":true}]}}