{"id":5542,"date":"2022-09-01T10:58:39","date_gmt":"2022-09-01T08:58:39","guid":{"rendered":"https:\/\/toohotel.com\/evenements\/"},"modified":"2022-12-19T14:30:56","modified_gmt":"2022-12-19T13:30:56","slug":"evenements","status":"publish","type":"page","link":"https:\/\/preprod.toohotel.com\/pt-pt\/evenements\/","title":{"rendered":"EVENTOS"},"content":{"rendered":"","protected":false},"excerpt":{"rendered":"<p>No cora\u00e7\u00e3o do novo distrito de neg\u00f3cios de Paris, o espa\u00e7o TOO Meeting lhe d\u00e1 as boas-vindas a voc\u00ea, seus colaboradores ou convidados durante todo o ano. Descubra as 4 salas de reuni\u00f5es modulares, ideais para eventos de 14 a 75 pessoas e que permitem a organiza\u00e7\u00e3o de confer\u00eancias, semin\u00e1rios, reuni\u00f5es de trabalho, celebra\u00e7\u00f5es ou mesmo coquet\u00e9is, nas melhores condi\u00e7\u00f5es.<\/p>\n","protected":false},"author":9,"featured_media":0,"parent":0,"menu_order":149,"comment_status":"closed","ping_status":"closed","template":"templates\/cms.php","meta":[],"acf":[],"_links":{"self":[{"href":"https:\/\/preprod.toohotel.com\/pt-pt\/wp-json\/wp\/v2\/pages\/5542"}],"collection":[{"href":"https:\/\/preprod.toohotel.com\/pt-pt\/wp-json\/wp\/v2\/pages"}],"about":[{"href":"https:\/\/preprod.toohotel.com\/pt-pt\/wp-json\/wp\/v2\/types\/page"}],"author":[{"embeddable":true,"href":"https:\/\/preprod.toohotel.com\/pt-pt\/wp-json\/wp\/v2\/users\/9"}],"replies":[{"embeddable":true,"href":"https:\/\/preprod.toohotel.com\/pt-pt\/wp-json\/wp\/v2\/comments?post=5542"}],"version-history":[{"count":0,"href":"https:\/\/preprod.toohotel.com\/pt-pt\/wp-json\/wp\/v2\/pages\/5542\/revisions"}],"wp:attachment":[{"href":"https:\/\/preprod.toohotel.com\/pt-pt\/wp-json\/wp\/v2\/media?parent=5542"}],"curies":[{"name":"wp","href":"https:\/\/api.w.org\/{rel}","templated":true}]}}