{"id":5511,"date":"2022-08-24T12:13:32","date_gmt":"2022-08-24T10:13:32","guid":{"rendered":"https:\/\/toohotel.com\/chambres-et-suites\/vue-paris\/"},"modified":"2023-10-24T15:29:18","modified_gmt":"2023-10-24T13:29:18","slug":"vue-paris","status":"publish","type":"page","link":"https:\/\/preprod.toohotel.com\/pt-pt\/chambres-et-suites\/vue-paris\/","title":{"rendered":"VISTA PARA PARIS"},"content":{"rendered":"","protected":false},"excerpt":{"rendered":"<p>Contemple uma vista de Paris que ganha vida \u00e0 noite desde seu quarto ou terra\u00e7o particular. Ap\u00f3s os \u00faltimos reflexos do p\u00f4r do sol, a cidade fica adornada com luzes e oferece ao visitante seu rosto futurista. O skyline parisiense atrai o olhar para outras capitais do mundo. Estes quartos modernos, imaginados por Philippe Starck, combinam conforto e tecnologia em um bal\u00e9 \u00fanico.<\/p>\n","protected":false},"author":1,"featured_media":3393,"parent":5458,"menu_order":52,"comment_status":"closed","ping_status":"closed","template":"templates\/cms.php","meta":[],"acf":[],"_links":{"self":[{"href":"https:\/\/preprod.toohotel.com\/pt-pt\/wp-json\/wp\/v2\/pages\/5511"}],"collection":[{"href":"https:\/\/preprod.toohotel.com\/pt-pt\/wp-json\/wp\/v2\/pages"}],"about":[{"href":"https:\/\/preprod.toohotel.com\/pt-pt\/wp-json\/wp\/v2\/types\/page"}],"author":[{"embeddable":true,"href":"https:\/\/preprod.toohotel.com\/pt-pt\/wp-json\/wp\/v2\/users\/1"}],"replies":[{"embeddable":true,"href":"https:\/\/preprod.toohotel.com\/pt-pt\/wp-json\/wp\/v2\/comments?post=5511"}],"version-history":[{"count":0,"href":"https:\/\/preprod.toohotel.com\/pt-pt\/wp-json\/wp\/v2\/pages\/5511\/revisions"}],"up":[{"embeddable":true,"href":"https:\/\/preprod.toohotel.com\/pt-pt\/wp-json\/wp\/v2\/pages\/5458"}],"wp:featuredmedia":[{"embeddable":true,"href":"https:\/\/preprod.toohotel.com\/pt-pt\/wp-json\/wp\/v2\/media\/3393"}],"wp:attachment":[{"href":"https:\/\/preprod.toohotel.com\/pt-pt\/wp-json\/wp\/v2\/media?parent=5511"}],"curies":[{"name":"wp","href":"https:\/\/api.w.org\/{rel}","templated":true}]}}