{"id":5458,"date":"2022-08-24T11:49:04","date_gmt":"2022-08-24T09:49:04","guid":{"rendered":"https:\/\/toohotel.com\/chambres-et-suites\/"},"modified":"2023-10-24T15:29:15","modified_gmt":"2023-10-24T13:29:15","slug":"chambres-et-suites","status":"publish","type":"page","link":"https:\/\/preprod.toohotel.com\/pt-pt\/chambres-et-suites\/","title":{"rendered":"Quartos e su\u00edtes"},"content":{"rendered":"","protected":false},"excerpt":{"rendered":"<p>Todos os quartos do TOO Hotel oferecem uma vista panor\u00e2mica de Paris, da Torre Eiffel, do Sena e de todos seus monumentos. Aqui o prazer reside na descoberta de uma experi\u00eancia in\u00e9dita, como uma viagem suspensa sobre a capital.<\/p>\n","protected":false},"author":1,"featured_media":0,"parent":0,"menu_order":24,"comment_status":"closed","ping_status":"closed","template":"templates\/cms.php","meta":[],"acf":[],"_links":{"self":[{"href":"https:\/\/preprod.toohotel.com\/pt-pt\/wp-json\/wp\/v2\/pages\/5458"}],"collection":[{"href":"https:\/\/preprod.toohotel.com\/pt-pt\/wp-json\/wp\/v2\/pages"}],"about":[{"href":"https:\/\/preprod.toohotel.com\/pt-pt\/wp-json\/wp\/v2\/types\/page"}],"author":[{"embeddable":true,"href":"https:\/\/preprod.toohotel.com\/pt-pt\/wp-json\/wp\/v2\/users\/1"}],"replies":[{"embeddable":true,"href":"https:\/\/preprod.toohotel.com\/pt-pt\/wp-json\/wp\/v2\/comments?post=5458"}],"version-history":[{"count":0,"href":"https:\/\/preprod.toohotel.com\/pt-pt\/wp-json\/wp\/v2\/pages\/5458\/revisions"}],"wp:attachment":[{"href":"https:\/\/preprod.toohotel.com\/pt-pt\/wp-json\/wp\/v2\/media?parent=5458"}],"curies":[{"name":"wp","href":"https:\/\/api.w.org\/{rel}","templated":true}]}}