{"id":4548,"date":"2022-08-24T12:13:50","date_gmt":"2022-08-24T10:13:50","guid":{"rendered":"https:\/\/toohotel.com\/chambres-et-suites\/vue-tour-eiffel\/"},"modified":"2023-01-06T12:34:35","modified_gmt":"2023-01-06T11:34:35","slug":"vue-tour-eiffel","status":"publish","type":"page","link":"https:\/\/preprod.toohotel.com\/ko\/chambres-et-suites\/vue-tour-eiffel\/","title":{"rendered":"Vue Tour Eiffel"},"content":{"rendered":"","protected":false},"excerpt":{"rendered":"<p>Offrez-vous un t\u00eate \u00e0 t\u00eate avec Tour Eiffel et les autres monuments de la ville, depuis votre chambre ou votre salle de bain pour un s\u00e9jour grandiose au rythme du coucher du soleil.<\/p>\n","protected":false},"author":9,"featured_media":3458,"parent":4543,"menu_order":44,"comment_status":"closed","ping_status":"closed","template":"templates\/cms.php","meta":[],"acf":[],"_links":{"self":[{"href":"https:\/\/preprod.toohotel.com\/ko\/wp-json\/wp\/v2\/pages\/4548"}],"collection":[{"href":"https:\/\/preprod.toohotel.com\/ko\/wp-json\/wp\/v2\/pages"}],"about":[{"href":"https:\/\/preprod.toohotel.com\/ko\/wp-json\/wp\/v2\/types\/page"}],"author":[{"embeddable":true,"href":"https:\/\/preprod.toohotel.com\/ko\/wp-json\/wp\/v2\/users\/9"}],"replies":[{"embeddable":true,"href":"https:\/\/preprod.toohotel.com\/ko\/wp-json\/wp\/v2\/comments?post=4548"}],"version-history":[{"count":0,"href":"https:\/\/preprod.toohotel.com\/ko\/wp-json\/wp\/v2\/pages\/4548\/revisions"}],"up":[{"embeddable":true,"href":"https:\/\/preprod.toohotel.com\/ko\/wp-json\/wp\/v2\/pages\/4543"}],"wp:featuredmedia":[{"embeddable":true,"href":"https:\/\/preprod.toohotel.com\/ko\/wp-json\/wp\/v2\/media\/3458"}],"wp:attachment":[{"href":"https:\/\/preprod.toohotel.com\/ko\/wp-json\/wp\/v2\/media?parent=4548"}],"curies":[{"name":"wp","href":"https:\/\/api.w.org\/{rel}","templated":true}]}}