{"id":5755,"date":"2022-08-31T15:32:59","date_gmt":"2022-08-31T13:32:59","guid":{"rendered":"https:\/\/toohotel.com\/tac-tac-skybar-en\/"},"modified":"2025-08-13T15:01:39","modified_gmt":"2025-08-13T13:01:39","slug":"tac-tac-skybar","status":"publish","type":"page","link":"https:\/\/preprod.toohotel.com\/it\/tac-tac-skybar\/","title":{"rendered":"TOO TacTac"},"content":{"rendered":"","protected":false},"excerpt":{"rendered":"<p>Con una vista che domina la Tour Eiffel, la Senna e tutti i monumenti di Parigi, il TOO TacTac Skybar \u00e8 uno dei rooftop pi\u00f9 alti della ville lumi\u00e8re.<\/p>\n","protected":false},"author":9,"featured_media":0,"parent":0,"menu_order":83,"comment_status":"closed","ping_status":"closed","template":"templates\/cms.php","meta":[],"acf":[],"_links":{"self":[{"href":"https:\/\/preprod.toohotel.com\/it\/wp-json\/wp\/v2\/pages\/5755"}],"collection":[{"href":"https:\/\/preprod.toohotel.com\/it\/wp-json\/wp\/v2\/pages"}],"about":[{"href":"https:\/\/preprod.toohotel.com\/it\/wp-json\/wp\/v2\/types\/page"}],"author":[{"embeddable":true,"href":"https:\/\/preprod.toohotel.com\/it\/wp-json\/wp\/v2\/users\/9"}],"replies":[{"embeddable":true,"href":"https:\/\/preprod.toohotel.com\/it\/wp-json\/wp\/v2\/comments?post=5755"}],"version-history":[{"count":0,"href":"https:\/\/preprod.toohotel.com\/it\/wp-json\/wp\/v2\/pages\/5755\/revisions"}],"wp:attachment":[{"href":"https:\/\/preprod.toohotel.com\/it\/wp-json\/wp\/v2\/media?parent=5755"}],"curies":[{"name":"wp","href":"https:\/\/api.w.org\/{rel}","templated":true}]}}