{"id":5428,"date":"2022-07-29T16:46:58","date_gmt":"2022-07-29T14:46:58","guid":{"rendered":"https:\/\/toohotel.com\/too-hotel\/"},"modified":"2025-09-04T16:31:31","modified_gmt":"2025-09-04T14:31:31","slug":"too-hotel","status":"publish","type":"page","link":"https:\/\/preprod.toohotel.com\/es\/","title":{"rendered":"Too Hotel"},"content":{"rendered":"","protected":false},"excerpt":{"rendered":"<p>El establecimiento se instala en un efervescente Par\u00eds 13, en lo alto de una de las dos torres de Jean Nouvel. Esta nueva direcci\u00f3n de 4 estrellas cercana a las nubes ofrece habitaciones con espectaculares vistas a Par\u00eds, el Sena, la Torre Eiffel y todos los monumentos de la capital, un restaurante panor\u00e1mico, un skybar con una gran terraza y un spa al aire libre con un jacuzzi exterior.<\/p>\n","protected":false},"author":1,"featured_media":0,"parent":0,"menu_order":9,"comment_status":"closed","ping_status":"closed","template":"templates\/cms.php","meta":[],"acf":[],"_links":{"self":[{"href":"https:\/\/preprod.toohotel.com\/es\/wp-json\/wp\/v2\/pages\/5428"}],"collection":[{"href":"https:\/\/preprod.toohotel.com\/es\/wp-json\/wp\/v2\/pages"}],"about":[{"href":"https:\/\/preprod.toohotel.com\/es\/wp-json\/wp\/v2\/types\/page"}],"author":[{"embeddable":true,"href":"https:\/\/preprod.toohotel.com\/es\/wp-json\/wp\/v2\/users\/1"}],"replies":[{"embeddable":true,"href":"https:\/\/preprod.toohotel.com\/es\/wp-json\/wp\/v2\/comments?post=5428"}],"version-history":[{"count":0,"href":"https:\/\/preprod.toohotel.com\/es\/wp-json\/wp\/v2\/pages\/5428\/revisions"}],"wp:attachment":[{"href":"https:\/\/preprod.toohotel.com\/es\/wp-json\/wp\/v2\/media?parent=5428"}],"curies":[{"name":"wp","href":"https:\/\/api.w.org\/{rel}","templated":true}]}}