{"id":8320,"date":"2022-09-30T17:12:14","date_gmt":"2022-09-30T15:12:14","guid":{"rendered":"https:\/\/toohotel.com\/quartier-downtown-paris\/"},"modified":"2023-01-12T16:25:21","modified_gmt":"2023-01-12T15:25:21","slug":"quartier-downtown-paris","status":"publish","type":"page","link":"https:\/\/preprod.toohotel.com\/de\/quartier-downtown-paris\/","title":{"rendered":"Das Stadtviertel"},"content":{"rendered":"","protected":false},"excerpt":{"rendered":"<p>Von den luftigen H\u00f6hen des TOO Hotels aus gesehen breitet sich Paris unter den F\u00fc\u00dfen der G\u00e4ste aus. Das\u00a0 TOO Hotel befindet sich in einem brandneuen, mitunter als &#8220;Downtown Paris&#8221; bezeichneten Viertel, das vom Pariser Stadtzentrum aus sehr gut erreichbar ist.<\/p>\n","protected":false},"author":9,"featured_media":0,"parent":0,"menu_order":94,"comment_status":"closed","ping_status":"closed","template":"templates\/cms.php","meta":[],"acf":[],"_links":{"self":[{"href":"https:\/\/preprod.toohotel.com\/de\/wp-json\/wp\/v2\/pages\/8320"}],"collection":[{"href":"https:\/\/preprod.toohotel.com\/de\/wp-json\/wp\/v2\/pages"}],"about":[{"href":"https:\/\/preprod.toohotel.com\/de\/wp-json\/wp\/v2\/types\/page"}],"author":[{"embeddable":true,"href":"https:\/\/preprod.toohotel.com\/de\/wp-json\/wp\/v2\/users\/9"}],"replies":[{"embeddable":true,"href":"https:\/\/preprod.toohotel.com\/de\/wp-json\/wp\/v2\/comments?post=8320"}],"version-history":[{"count":0,"href":"https:\/\/preprod.toohotel.com\/de\/wp-json\/wp\/v2\/pages\/8320\/revisions"}],"wp:attachment":[{"href":"https:\/\/preprod.toohotel.com\/de\/wp-json\/wp\/v2\/media?parent=8320"}],"curies":[{"name":"wp","href":"https:\/\/api.w.org\/{rel}","templated":true}]}}