{"id":4958,"date":"2022-09-01T10:58:39","date_gmt":"2022-09-01T08:58:39","guid":{"rendered":"https:\/\/toohotel.com\/evenements\/"},"modified":"2022-12-20T14:58:18","modified_gmt":"2022-12-20T13:58:18","slug":"evenements","status":"publish","type":"page","link":"https:\/\/preprod.toohotel.com\/de\/evenements\/","title":{"rendered":"Events"},"content":{"rendered":"","protected":false},"excerpt":{"rendered":"<p>Unter TOO Meeting Bereich im Herzen des neuen Pariser Gesch\u00e4ftsviertels begr\u00fc\u00dft Sie und Ihre Mitarbeiter oder G\u00e4ste das ganze Jahr \u00fcber. Vier modulare Tagungsr\u00e4ume bieten den idealen Rahmen f\u00fcr Veranstaltungen mit 15 bis 75 Personen.<\/p>\n","protected":false},"author":9,"featured_media":0,"parent":0,"menu_order":149,"comment_status":"closed","ping_status":"closed","template":"templates\/cms.php","meta":[],"acf":[],"_links":{"self":[{"href":"https:\/\/preprod.toohotel.com\/de\/wp-json\/wp\/v2\/pages\/4958"}],"collection":[{"href":"https:\/\/preprod.toohotel.com\/de\/wp-json\/wp\/v2\/pages"}],"about":[{"href":"https:\/\/preprod.toohotel.com\/de\/wp-json\/wp\/v2\/types\/page"}],"author":[{"embeddable":true,"href":"https:\/\/preprod.toohotel.com\/de\/wp-json\/wp\/v2\/users\/9"}],"replies":[{"embeddable":true,"href":"https:\/\/preprod.toohotel.com\/de\/wp-json\/wp\/v2\/comments?post=4958"}],"version-history":[{"count":0,"href":"https:\/\/preprod.toohotel.com\/de\/wp-json\/wp\/v2\/pages\/4958\/revisions"}],"wp:attachment":[{"href":"https:\/\/preprod.toohotel.com\/de\/wp-json\/wp\/v2\/media?parent=4958"}],"curies":[{"name":"wp","href":"https:\/\/api.w.org\/{rel}","templated":true}]}}