{"id":4946,"date":"2022-08-22T17:34:24","date_gmt":"2022-08-22T15:34:24","guid":{"rendered":"https:\/\/toohotel.com\/too-restaurant-en\/"},"modified":"2025-08-12T14:57:43","modified_gmt":"2025-08-12T12:57:43","slug":"too-restaurant-en","status":"publish","type":"page","link":"https:\/\/preprod.toohotel.com\/de\/too-restaurant-en\/","title":{"rendered":"Panorama-Restaurant"},"content":{"rendered":"","protected":false},"excerpt":{"rendered":"<p>Das TOO Restaurant und sein spektakul\u00e4res Ambiente sind das ganze Jahr \u00fcber, von Sonnenauf- bis Sonnenuntergang, der Inbegriff f\u00fcr eine Auszeit im siebten Himmel.<\/p>\n","protected":false},"author":1,"featured_media":0,"parent":0,"menu_order":71,"comment_status":"closed","ping_status":"closed","template":"templates\/cms.php","meta":[],"acf":[],"_links":{"self":[{"href":"https:\/\/preprod.toohotel.com\/de\/wp-json\/wp\/v2\/pages\/4946"}],"collection":[{"href":"https:\/\/preprod.toohotel.com\/de\/wp-json\/wp\/v2\/pages"}],"about":[{"href":"https:\/\/preprod.toohotel.com\/de\/wp-json\/wp\/v2\/types\/page"}],"author":[{"embeddable":true,"href":"https:\/\/preprod.toohotel.com\/de\/wp-json\/wp\/v2\/users\/1"}],"replies":[{"embeddable":true,"href":"https:\/\/preprod.toohotel.com\/de\/wp-json\/wp\/v2\/comments?post=4946"}],"version-history":[{"count":0,"href":"https:\/\/preprod.toohotel.com\/de\/wp-json\/wp\/v2\/pages\/4946\/revisions"}],"wp:attachment":[{"href":"https:\/\/preprod.toohotel.com\/de\/wp-json\/wp\/v2\/media?parent=4946"}],"curies":[{"name":"wp","href":"https:\/\/api.w.org\/{rel}","templated":true}]}}